{"id":17,"date":"2023-11-07T11:24:04","date_gmt":"2023-11-07T10:24:04","guid":{"rendered":"http:\/\/rosacypria.com\/privacy-policy\/"},"modified":"2024-01-15T08:51:44","modified_gmt":"2024-01-15T07:51:44","slug":"privacy-policy","status":"publish","type":"page","link":"https:\/\/rosacypria.com\/it\/privacy-policy\/","title":{"rendered":"Privacy Policy"},"content":{"rendered":"<div class=\"wpb-content-wrapper\"><p>[vc_row][vc_column][vc_column_text]<\/p>\n<h1>Privacy Policy<\/h1>\n<p>Rosacypria (di seguito, \u201cRC\u201d) si impegna costantemente per tutelare la vostra privacy online. Con la presente informativa, RC intende fornire informazioni dettagliate sul trattamento dei vostri dati personali per mezzo di questo sito web, ai sensi del Regolamento generale sulla protezione dei dati (GDPR) (EU 2016\/679) e del Codice in materia di protezione dei dati personali (DL 196\/2003). Secondo le norme del Regolamento, il trattamento dei dati personali \u00e8 improntato ai principi di liceit\u00e0, correttezza, trasparenza, limitazione delle finalit\u00e0 e della conservazione, minimizzazione dei dati, esattezza, integrit\u00e0 e riservatezza.[\/vc_column_text][vc_column_text]<\/p>\n<h1>Titolare e Responsabile del trattamento<\/h1>\n<p>Il titolare del trattamento dei dati per conto di RC \u00e8 Silvio Stefani Architetto, Via Molino 1, 31030 Breda di Piave, TV, Italy. Partita IVA numero 04975040264. Email: <a href=\"mailto:info@rosacypria.com\">info@rosacypria.com<\/a>.[\/vc_column_text][vc_column_text]<\/p>\n<h2>Dati oggetto di trattamento e finalit\u00e0<\/h2>\n<p>Ai sensi del Regolamento, per dati personali si intende qualsiasi informazione relativa ai visitatori che li identifica personalmente, direttamente o indirettamente, da sola o in combinazione con altre informazioni. Quando visiti questo sito web, RC raccoglie e memorizza dati personali solo se comunicati attivamente tramite email, social media e altri mezzi. Tuttavia il server web registra automaticamente altre informazioni relative all\u2019accesso al sito (dati di navigazione e di utilizzo). Fra i dati raccolti da questo sito, in modo autonomo o tramite terze parti (come spiegato di seguito), ci possono essere: nome e cognome, email, varie tipologie di dati tra cui dati di utilizzo, e cookies. In nessun caso RC richiede di inviare dati sensibili, ovvero, secondo quanto previsto dall\u2019art. 9 del Regolamento, dati personali che rivelino l\u2019origine razziale o etnica, le opinioni politiche, le convinzioni religiose o filosofiche, l\u2019appartenenza sindacale, dati genetici, dati riguardanti la salute o l\u2019orientamento sessuale.[\/vc_column_text][vc_column_text]<\/p>\n<h3>Dati di navigazione o di traffico<\/h3>\n<p>I server e i sistemi informatici che permettono il funzionamento di questo sito web acquisiscono, nel corso del loro normale esercizio, alcune informazioni la cui trasmissione \u00e8 implicita nell\u2019uso dei protocolli di comunicazione di Internet. In questa categoria rientrano: gli indirizzi IP dei computer che si connettono al sito, gli indirizzi in notazione URI delle risorse richieste, l\u2019orario della richiesta, il metodo utilizzato nel sottoporre la richiesta al server, e altri parametri relativi al sistema operativo e all\u2019ambiente informatico. Questi dati vengono utilizzati al solo fine di ricavare informazioni statistiche anonime sull\u2019uso del sito e per controllarne il corretto funzionamento, per identificare anomalie e\/o abusi. In particolare il tuo indirizzo IP viene elaborato durante il processo di connessione in modo da rendere il sito web accessibile. Inoltre, i dati potrebbero essere utilizzati per l\u2019accertamento di responsabilit\u00e0 in caso di ipotetici reati informatici ai danni del sito o di terzi, e sono memorizzati solo temporaneamente in conformit\u00e0 con la legge applicabile.[\/vc_column_text][vc_column_text]<\/p>\n<h3>Dati forniti volontariamente<\/h3>\n<p>L\u2019invio facoltativo, esplicito e volontario di dati personali attraverso il sito per accedere a determinati servizi, o per effettuare richieste via posta elettronica o modulo di contatto, comporta la successiva acquisizione dei dati forniti necessari per l\u2019erogazione del servizio o delle informazioni richieste. E\u2019 possibile, ad esempio, contattare RC agli indirizzi email presente nel sito, fornendo almeno il tuo indirizzo email e qualsiasi altra informazione che tu voglia inviare. L\u2019elaborazione di questi sati avviene in modo da poter rispondere alla tua richiesta.[\/vc_column_text][vc_column_text]<\/p>\n<h3>Cookies<\/h3>\n<p>Utilizzando questo sito web vengono salvati automaticamente dei cookies sul tuo computer, smartphone o tablet, in base alle finalit\u00e0 che verranno descritte. I cookies sono dei piccoli file di testo che vengono memorizzati sul disco fisso come dati del browser e permettono di raccogliere informazioni utili sulla navigazione e proporle alla visita successiva. I cookies non possono eseguire alcun programma n\u00e9 trasmettere alcun virus al tuo computer. Esistono vari tipi di cookies, a seconda delle loro caratteristiche e funzioni, e questi possono rimanere memorizzati nel computer o dispositivo mobile per periodi di tempo diversi.<\/p>\n<p>RC utilizza solo cookies tecnici (e non di profilazione), che consentono di navigare sul sito web e di fruire delle sue funzionalit\u00e0 di base. Questi cookies sono installati automaticamente sul dispositivo come risultato dell\u2019accesso al sito e non richiedono alcun consenso specifico. Essi sono usati per memorizzare le preferenze e ottimizzare l\u2019esperienza di navigazione sul sito web in base a una serie di criteri (ad esempio, la lingua, il tipo di browser, ecc.). Fra questi rientra il cookie utilizzato per gestire il consenso all\u2019uso dei cookies del sito. In base alla normativa vigente, per l\u2019utilizzo dei cookies non sempre \u00e8 richiesto il tuo espresso consenso. In particolare, non richiedono tale consenso i cookies tecnici, cio\u00e8 quelli indispensabili per il funzionamento del sito web o necessari per eseguire attivit\u00e0 richieste. Continuando a navigare nel sito, accetti l\u2019uso dei cookies secondo quanto riportato in questa informativa, e un cookie tecnico specifico (chiamato \u201cmoove_gdpr_popup\u201d) \u00e8 salvato nel tuo dispositivo, con una durata di 6 mesi.[\/vc_column_text][vc_column_text]<\/p>\n<h2>Connessione a siti web o piattaforme di terze parti<\/h2>\n<p>Il sito pu\u00f2 contenere collegamenti ad altri siti web o piattaforme di terze parti, quali ad esempio i social network Instagram e Pinterest, con cui \u00e8 possibile condividere i contenuti del sito o che incorporano le funzionalit\u00e0 dei social network direttamente all\u2019interno del sito e ai quali la presente Policy non si applica. Non controllando i cookies o le altre tecnologie di monitoraggio di tali siti web, RC non \u00e8 responsabile per la condotta di tali siti web o piattaforme di terze parti in relazione alla legge sulla privacy. Sei pertanto invitato a leggere le loro informative sulla privacy per verificare come essi raccolgono ed elaborano le informazioni personali.[\/vc_column_text][vc_column_text]<\/p>\n<h2>Conservazione dei dati<\/h2>\n<p>I dati personali connessi ai servizi web di questo sito \u2013 per ciascuna tipologia di dati \u2013 saranno conservati esclusivamente per il tempo necessario a fornire i servizi richiesti, ovvero allo svolgimento del rapporto commerciale e contabile, all\u2019ottemperanza degli obblighi legali o fiscali o per il periodo minimo prescritto dalla legge. RC garantisce che le informazioni personali raccolte dal sito con il vostro consenso non vengano conservate per un periodo pi\u00f9 lungo del periodo necessario o appropriato, tenendo conto anche di questi fattori:<br \/>\n\u2013 lo scopo per il quale il sito detiene informazioni personali;<br \/>\n\u2013 gli obblighi legali, fiscali e normativi connessi a tali informazioni personali;<br \/>\n\u2013 qualsiasi richiesta specifica connessa alla cancellazione di informazioni personali;<br \/>\n\u2013 legittimi interessi del titolare del trattamento.<\/p>\n<p>Il sito eliminer\u00e0 o render\u00e0 anonime prontamente le informazioni personali che non sono pi\u00f9 necessarie o conservate in base alle leggi vigenti.[\/vc_column_text][vc_column_text]<\/p>\n<h2>Base giuridica del trattamento<\/h2>\n<p>La base legale del trattamento dei dati personali \u00e8 l\u2019art. 6 del Regolamento, in caso sussista una delle seguenti condizioni:<br \/>\n\u2013 \u00e8 stato prestato il consenso per una o pi\u00f9 finalit\u00e0 specifiche;<br \/>\n\u2013 il trattamento \u00e8 necessario all\u2019esecuzione di un contratto, all\u2019erogazione di servizi contrattualizzati e\/o all\u2019esecuzione di misure precontrattuali;<br \/>\n\u2013 il trattamento \u00e8 necessario per adempiere un obbligo legale;<br \/>\n\u2013 il trattamento \u00e8 necessario per l\u2019esecuzione di un compito di interesse pubblico o per l\u2019esercizio di pubblici poteri;<br \/>\n\u2013 il trattamento \u00e8 necessario per il perseguimento di un legittimo interesse.[\/vc_column_text][vc_column_text]<\/p>\n<h2>Luogo di trattamento<\/h2>\n<p>I dati sono trattati e conservati principalmente presso gli uffici operativi di RC in Italia e in ogni altro luogo in cui le parti coinvolte nel trattamento siano localizzate.[\/vc_column_text][vc_column_text]<\/p>\n<h2>Comunicazione e trasferimento dei dati<\/h2>\n<p>I dati personali saranno trattati direttamente dal team di RC e da collaboratori incaricati dal responsabile del trattamento nell\u2019ambito dello svolgimento di precise mansioni assegnate. Solo le persone autorizzate hanno accesso alle informazioni personali relative alle attivit\u00e0 di questo sito. In alcuni casi i dati, per quanto necessario e\/o strumentale per l\u2019esecuzione delle finalit\u00e0 indicate sopra, potranno essere trattati da parte di soggetti esterni coinvolti nell\u2019organizzazione e gestione di questo sito web \u00a0(personale amministrativo, commerciale, amministratori di sistema), ovvero soggetti esterni (come fornitori di servizi tecnici terzi, hosting provider, societ\u00e0 informatiche) nominati anche, se necessario, responsabili del trattamento da parte di RC. L\u2019elenco aggiornato dei responsabili potr\u00e0 sempre essere richiesto al titolare del trattamento. RC non trasferir\u00e0 informazioni personali al di fuori dello Spazio Economico Europeo (SEE) in cui \u00e8 applicato il GDPR, a meno che il trasferimento non sia esplicitamente autorizzato, o il trasferimento di informazioni personali al di fuori del SEE sia consentito dal Regolamento su un\u2019altra base giuridica. I dati non saranno in alcun caso oggetto di diffusione a soggetti indeterminati.[\/vc_column_text][vc_column_text]<\/p>\n<h2>Modalit\u00e0 di trattamento e sicurezza<\/h2>\n<p>Le informazioni personali sono elaborate con strumenti informatici, automatizzati ed elettronici e, in casi limitati, utilizzando mezzi documentali, con modalit\u00e0 organizzative e con logiche strettamente correlate alle finalit\u00e0 indicate. In linea con quanto previsto dal Regolamento, RC applica tutte le misure di sicurezza standard nei servizi di hosting, software, plugin e componenti aggiuntivi utilizzati da questo sito, per prevenire la perdita di dati, usi illeciti o non corretti e accessi non autorizzati. Ci\u00f2 include il trasferimento crittografato dei dati (SSL), e l\u2019installazione di firewall che proteggono l\u2019integrit\u00e0 del sito e segnalano eventuali minacce o violazioni. Nonostante le misure di sicurezza primarie adottate, non si possono escludere i rischi per la sicurezza che sono naturalmente legati alla trasmissione online di dati, per i quali RC non \u00e8 responsabile, a meno che eventuali violazioni non siano dovute a negligenza o dolo.[\/vc_column_text][vc_column_text]<\/p>\n<h2>Diritti dei soggetti interessati<\/h2>\n<p>Per motivi leciti e fondati, compatibilmente con gli eventuali obblighi normativi e contrattuali esistenti, in quanto soggetto interessato puoi esercitare i diritti riconosciuti dal Regolamento. In particolare il Regolamento prevede espressamente il diritto a ottenere informazioni sulla raccolta di dati personali, sulle finalit\u00e0 e le modalit\u00e0 del trattamento. Se desideri richiedere di accedere, revisionare, correggere, aggiornare, limitare o eliminare le informazioni personali che hai precedentemente fornito, o se desiderate ricevere una copia elettronica delle informazioni personali per trasmetterle ad altri soggetti (nei limiti in cui il diritto alla portabilit\u00e0 dei dati \u00e8 previsto dalla legge applicabile), puoi contattare RC all\u2019indirizzo email di riferimento. RC si impegna a rispondere alla richiesta coerentemente alla legge applicabile. Nella richiesta, sei invitato a specificare quali informazioni personali desideri modificare, se desideri che i dati personali siano cancellati o quali limitazioni desideri applicare all\u2019uso di tali informazioni.<\/p>\n<p>Inoltre, nei modi e nei limiti previsti dal Regolamento, \u00e8 riconosciuto il diritto di proporre segnalazioni e reclami all\u2019Autorit\u00e0 competente, come indicato sul sito\u00a0<a href=\"https:\/\/www.garanteprivacy.it\/\" target=\"_blank\" rel=\"noreferrer noopener\">www.garanteprivacy.it<\/a>.[\/vc_column_text][vc_column_text]<\/p>\n<h2>Ulteriori informazioni sul trattamento dei dati<\/h2>\n<p>Informazioni specifiche in relazione al trattamento dei dati personali, non contenute in questa informativa, possono essere richieste utilizzando il contatto email riportato nel sito. Questa informativa \u00e8 aggiornata a gennaio 2024. Sei invitato a consultare periodicamente questa pagina per verificare eventuali aggiornamenti o modifiche future pubblicate sul sito.[\/vc_column_text][\/vc_column][\/vc_row]<\/p>\n<\/div>","protected":false},"excerpt":{"rendered":"<p>[vc_row][vc_column][vc_column_text] Privacy Policy Rosacypria (di seguito, \u201cRC\u201d) si impegna costantemente per tutelare la vostra privacy online. Con la presente informativa, RC intende fornire informazioni dettagliate sul trattamento dei vostri dati personali per mezzo di questo sito web, ai sensi del Regolamento generale sulla protezione dei dati (GDPR) (EU 2016\/679) e del Codice in materia di [&#8230;]<\/p>\n<p><a class=\"btn btn-secondary understrap-read-more-link\" href=\"https:\/\/rosacypria.com\/it\/privacy-policy\/\">Leggi di pi\u00f9&#8230;<span class=\"screen-reader-text\"> from Privacy Policy<\/span><\/a><\/p>\n","protected":false},"author":1,"featured_media":0,"parent":0,"menu_order":0,"comment_status":"closed","ping_status":"closed","template":"blank.php","meta":{"footnotes":""},"yoast_head":"<!-- This site is optimized with the Yoast SEO plugin v21.8 - https:\/\/yoast.com\/wordpress\/plugins\/seo\/ -->\n<title>Privacy Policy &#8211; Rosacypria<\/title>\n<meta name=\"robots\" content=\"index, follow, max-snippet:-1, max-image-preview:large, max-video-preview:-1\" \/>\n<link rel=\"canonical\" href=\"https:\/\/rosacypria.com\/it\/privacy-policy\/\" \/>\n<meta property=\"og:locale\" content=\"it_IT\" \/>\n<meta property=\"og:type\" content=\"article\" \/>\n<meta property=\"og:title\" content=\"Privacy Policy &#8211; Rosacypria\" \/>\n<meta property=\"og:description\" content=\"[vc_row][vc_column][vc_column_text] Privacy Policy Rosacypria (di seguito, \u201cRC\u201d) si impegna costantemente per tutelare la vostra privacy online. Con la presente informativa, RC intende fornire informazioni dettagliate sul trattamento dei vostri dati personali per mezzo di questo sito web, ai sensi del Regolamento generale sulla protezione dei dati (GDPR) (EU 2016\/679) e del Codice in materia di [...]Leggi di pi\u00f9... from Privacy Policy\" \/>\n<meta property=\"og:url\" content=\"https:\/\/rosacypria.com\/it\/privacy-policy\/\" \/>\n<meta property=\"og:site_name\" content=\"Rosacypria\" \/>\n<meta property=\"article:modified_time\" content=\"2024-01-15T07:51:44+00:00\" \/>\n<meta property=\"og:image\" content=\"https:\/\/rosacypria.com\/wp-content\/uploads\/2024\/01\/img-sito-seo.jpg\" \/>\n\t<meta property=\"og:image:width\" content=\"1200\" \/>\n\t<meta property=\"og:image:height\" content=\"675\" \/>\n\t<meta property=\"og:image:type\" content=\"image\/jpeg\" \/>\n<meta name=\"twitter:card\" content=\"summary_large_image\" \/>\n<meta name=\"twitter:label1\" content=\"Tempo di lettura stimato\" \/>\n\t<meta name=\"twitter:data1\" content=\"9 minuti\" \/>\n<script type=\"application\/ld+json\" class=\"yoast-schema-graph\">{\"@context\":\"https:\/\/schema.org\",\"@graph\":[{\"@type\":\"WebPage\",\"@id\":\"https:\/\/rosacypria.com\/it\/privacy-policy\/\",\"url\":\"https:\/\/rosacypria.com\/it\/privacy-policy\/\",\"name\":\"Privacy Policy &#8211; Rosacypria\",\"isPartOf\":{\"@id\":\"https:\/\/rosacypria.com\/it\/#website\"},\"datePublished\":\"2023-11-07T10:24:04+00:00\",\"dateModified\":\"2024-01-15T07:51:44+00:00\",\"breadcrumb\":{\"@id\":\"https:\/\/rosacypria.com\/it\/privacy-policy\/#breadcrumb\"},\"inLanguage\":\"it-IT\",\"potentialAction\":[{\"@type\":\"ReadAction\",\"target\":[\"https:\/\/rosacypria.com\/it\/privacy-policy\/\"]}]},{\"@type\":\"BreadcrumbList\",\"@id\":\"https:\/\/rosacypria.com\/it\/privacy-policy\/#breadcrumb\",\"itemListElement\":[{\"@type\":\"ListItem\",\"position\":1,\"name\":\"Home\",\"item\":\"https:\/\/rosacypria.com\/it\/\"},{\"@type\":\"ListItem\",\"position\":2,\"name\":\"Privacy Policy\"}]},{\"@type\":\"WebSite\",\"@id\":\"https:\/\/rosacypria.com\/it\/#website\",\"url\":\"https:\/\/rosacypria.com\/it\/\",\"name\":\"Rosacypria\",\"description\":\"Lodge on the lake\",\"publisher\":{\"@id\":\"https:\/\/rosacypria.com\/it\/#organization\"},\"potentialAction\":[{\"@type\":\"SearchAction\",\"target\":{\"@type\":\"EntryPoint\",\"urlTemplate\":\"https:\/\/rosacypria.com\/it\/?s={search_term_string}\"},\"query-input\":\"required name=search_term_string\"}],\"inLanguage\":\"it-IT\"},{\"@type\":\"Organization\",\"@id\":\"https:\/\/rosacypria.com\/it\/#organization\",\"name\":\"Rosacypria\",\"url\":\"https:\/\/rosacypria.com\/it\/\",\"logo\":{\"@type\":\"ImageObject\",\"inLanguage\":\"it-IT\",\"@id\":\"https:\/\/rosacypria.com\/it\/#\/schema\/logo\/image\/\",\"url\":\"https:\/\/rosacypria.com\/wp-content\/uploads\/2024\/01\/rosacypria-logo.svg\",\"contentUrl\":\"https:\/\/rosacypria.com\/wp-content\/uploads\/2024\/01\/rosacypria-logo.svg\",\"width\":415,\"height\":311,\"caption\":\"Rosacypria\"},\"image\":{\"@id\":\"https:\/\/rosacypria.com\/it\/#\/schema\/logo\/image\/\"},\"sameAs\":[\"https:\/\/www.instagram.com\/rosacypria_lodge\",\"https:\/\/www.pinterest.com\/ROSACYPRIA_lodge\"]}]}<\/script>\n<!-- \/ Yoast SEO plugin. -->","yoast_head_json":{"title":"Privacy Policy &#8211; Rosacypria","robots":{"index":"index","follow":"follow","max-snippet":"max-snippet:-1","max-image-preview":"max-image-preview:large","max-video-preview":"max-video-preview:-1"},"canonical":"https:\/\/rosacypria.com\/it\/privacy-policy\/","og_locale":"it_IT","og_type":"article","og_title":"Privacy Policy &#8211; Rosacypria","og_description":"[vc_row][vc_column][vc_column_text] Privacy Policy Rosacypria (di seguito, \u201cRC\u201d) si impegna costantemente per tutelare la vostra privacy online. Con la presente informativa, RC intende fornire informazioni dettagliate sul trattamento dei vostri dati personali per mezzo di questo sito web, ai sensi del Regolamento generale sulla protezione dei dati (GDPR) (EU 2016\/679) e del Codice in materia di [...]Leggi di pi\u00f9... from Privacy Policy","og_url":"https:\/\/rosacypria.com\/it\/privacy-policy\/","og_site_name":"Rosacypria","article_modified_time":"2024-01-15T07:51:44+00:00","og_image":[{"width":1200,"height":675,"url":"https:\/\/rosacypria.com\/wp-content\/uploads\/2024\/01\/img-sito-seo.jpg","type":"image\/jpeg"}],"twitter_card":"summary_large_image","twitter_misc":{"Tempo di lettura stimato":"9 minuti"},"schema":{"@context":"https:\/\/schema.org","@graph":[{"@type":"WebPage","@id":"https:\/\/rosacypria.com\/it\/privacy-policy\/","url":"https:\/\/rosacypria.com\/it\/privacy-policy\/","name":"Privacy Policy &#8211; Rosacypria","isPartOf":{"@id":"https:\/\/rosacypria.com\/it\/#website"},"datePublished":"2023-11-07T10:24:04+00:00","dateModified":"2024-01-15T07:51:44+00:00","breadcrumb":{"@id":"https:\/\/rosacypria.com\/it\/privacy-policy\/#breadcrumb"},"inLanguage":"it-IT","potentialAction":[{"@type":"ReadAction","target":["https:\/\/rosacypria.com\/it\/privacy-policy\/"]}]},{"@type":"BreadcrumbList","@id":"https:\/\/rosacypria.com\/it\/privacy-policy\/#breadcrumb","itemListElement":[{"@type":"ListItem","position":1,"name":"Home","item":"https:\/\/rosacypria.com\/it\/"},{"@type":"ListItem","position":2,"name":"Privacy Policy"}]},{"@type":"WebSite","@id":"https:\/\/rosacypria.com\/it\/#website","url":"https:\/\/rosacypria.com\/it\/","name":"Rosacypria","description":"Lodge on the lake","publisher":{"@id":"https:\/\/rosacypria.com\/it\/#organization"},"potentialAction":[{"@type":"SearchAction","target":{"@type":"EntryPoint","urlTemplate":"https:\/\/rosacypria.com\/it\/?s={search_term_string}"},"query-input":"required name=search_term_string"}],"inLanguage":"it-IT"},{"@type":"Organization","@id":"https:\/\/rosacypria.com\/it\/#organization","name":"Rosacypria","url":"https:\/\/rosacypria.com\/it\/","logo":{"@type":"ImageObject","inLanguage":"it-IT","@id":"https:\/\/rosacypria.com\/it\/#\/schema\/logo\/image\/","url":"https:\/\/rosacypria.com\/wp-content\/uploads\/2024\/01\/rosacypria-logo.svg","contentUrl":"https:\/\/rosacypria.com\/wp-content\/uploads\/2024\/01\/rosacypria-logo.svg","width":415,"height":311,"caption":"Rosacypria"},"image":{"@id":"https:\/\/rosacypria.com\/it\/#\/schema\/logo\/image\/"},"sameAs":["https:\/\/www.instagram.com\/rosacypria_lodge","https:\/\/www.pinterest.com\/ROSACYPRIA_lodge"]}]}},"_links":{"self":[{"href":"https:\/\/rosacypria.com\/it\/wp-json\/wp\/v2\/pages\/17"}],"collection":[{"href":"https:\/\/rosacypria.com\/it\/wp-json\/wp\/v2\/pages"}],"about":[{"href":"https:\/\/rosacypria.com\/it\/wp-json\/wp\/v2\/types\/page"}],"author":[{"embeddable":true,"href":"https:\/\/rosacypria.com\/it\/wp-json\/wp\/v2\/users\/1"}],"replies":[{"embeddable":true,"href":"https:\/\/rosacypria.com\/it\/wp-json\/wp\/v2\/comments?post=17"}],"version-history":[{"count":2,"href":"https:\/\/rosacypria.com\/it\/wp-json\/wp\/v2\/pages\/17\/revisions"}],"predecessor-version":[{"id":168,"href":"https:\/\/rosacypria.com\/it\/wp-json\/wp\/v2\/pages\/17\/revisions\/168"}],"wp:attachment":[{"href":"https:\/\/rosacypria.com\/it\/wp-json\/wp\/v2\/media?parent=17"}],"curies":[{"name":"wp","href":"https:\/\/api.w.org\/{rel}","templated":true}]}}